{"id":1643,"date":"2022-05-19T21:40:58","date_gmt":"2022-05-19T21:40:58","guid":{"rendered":"http:\/\/localhost:8888\/dr-almouie-thank-you-and-farewell\/"},"modified":"2022-05-23T21:29:15","modified_gmt":"2022-05-23T21:29:15","slug":"dr-almouie-gracias-y-adios","status":"publish","type":"page","link":"https:\/\/almouiepediatrics.com\/es\/dr-almouie-gracias-y-adios\/","title":{"rendered":"Dr. Almouie: \u00a1Gracias y adi\u00f3s!"},"content":{"rendered":"<div class=\"full-bleed-section disclaimer-section\">\n<div class=\"container\">\n<h2>Estimados pacientes,<img decoding=\"async\" loading=\"lazy\" class=\"disclaimer-image alignright wp-image-353 size-full\" src=\"https:\/\/almouiepediatrics.com\/wp-content\/uploads\/2020\/01\/member16.jpg\" alt=\"Dr. Almouie\" width=\"221\" height=\"224\" \/><\/h2>\n<p>Gracias por su confianza al permitirme cuidar de su hijo(a) durante los \u00faltimos 25 a\u00f1os. Ha sido un honor y un privilegio proporcionar atenci\u00f3n m\u00e9dica pedi\u00e1trica y asesoramiento a tantas familias de nuestra comunidad.<\/p>\n<p>Es con emociones encontradas que anuncio que me retirar\u00e9 de Almouie Pediatrics, a partir del 31 de mayo de 2022. Los extra\u00f1ar\u00e9 mucho a todos y me ir\u00e9 con recuerdos maravillosos.<\/p>\n<p>Por favor, tenga la seguridad de que nuestros proveedores y el personal de Almouie Pediatrics est\u00e1n comprometidos con el bienestar de su hijo(a). Usted seguir\u00e1 recibiendo una excelente atenci\u00f3n m\u00e9dica de cualquiera de mis colegas. Los registros m\u00e9dicos de su hijo(a) son confidenciales y permanecer\u00e1n archivados en su ubicaci\u00f3n actual de Almouie Pediatrics.<\/p>\n<\/div>\n<\/div>\n<p>Si tiene alguna pregunta o preocupaci\u00f3n, por favor ll\u00e1menos al <strong><a href=\"tel:\/\/833.669.5437\" target=\"_blank\" rel=\"noopener noreferrer\">833-669-KIDS (5437)<\/a><\/strong>.<\/p>\n<p>Almouie Pediatrics cree, como yo, que la \u00fanica manera de asegurar a nuestros ni\u00f1os un mejor ma\u00f1ana es proporcionarles la mejor atenci\u00f3n m\u00e9dica hoy. Les agradezco por darme la oportunidad de hacerlo.<\/p>\n<p>Sinceramente,<br \/>\nMuhamad Almouie MD, FAAP<\/p>\n","protected":false},"excerpt":{"rendered":"<p>Estimados pacientes, Gracias por su confianza al permitirme cuidar de su hijo(a) durante los \u00faltimos 25 a\u00f1os. Ha sido un honor&hellip;<\/p>\n","protected":false},"author":1,"featured_media":1631,"parent":0,"menu_order":0,"comment_status":"closed","ping_status":"closed","template":"","meta":{"footnotes":""},"acf":[],"yoast_head":"<!-- This site is optimized with the Yoast SEO plugin v21.3 - https:\/\/yoast.com\/wordpress\/plugins\/seo\/ -->\n<title>Dr. Almouie: \u00a1Gracias y adi\u00f3s! - Almouie Pediatrics<\/title>\n<meta name=\"description\" content=\"Gracias por su confianza al permitirme cuidar de su hijo(a) durante los \u00faltimos 25 a\u00f1os. Ha sido un honor y un privilegio proporcionar atenci\u00f3n m\u00e9dica pedi\u00e1trica y asesoramiento a tantas familias de nuestra comunidad.\" \/>\n<meta name=\"robots\" content=\"index, follow, max-snippet:-1, max-image-preview:large, max-video-preview:-1\" \/>\n<link rel=\"canonical\" href=\"https:\/\/almouiepediatrics.com\/es\/dr-almouie-gracias-y-adios\/\" \/>\n<meta property=\"og:locale\" content=\"es_ES\" \/>\n<meta property=\"og:type\" content=\"article\" \/>\n<meta property=\"og:title\" content=\"Dr. Almouie: \u00a1Gracias y adi\u00f3s! - Almouie Pediatrics\" \/>\n<meta property=\"og:description\" content=\"Gracias por su confianza al permitirme cuidar de su hijo(a) durante los \u00faltimos 25 a\u00f1os. Ha sido un honor y un privilegio proporcionar atenci\u00f3n m\u00e9dica pedi\u00e1trica y asesoramiento a tantas familias de nuestra comunidad.\" \/>\n<meta property=\"og:url\" content=\"https:\/\/almouiepediatrics.com\/es\/dr-almouie-gracias-y-adios\/\" \/>\n<meta property=\"og:site_name\" content=\"Almouie Pediatrics\" \/>\n<meta property=\"article:publisher\" content=\"https:\/\/www.facebook.com\/AlmouiePediatricsOfficial\/\" \/>\n<meta property=\"article:modified_time\" content=\"2022-05-23T21:29:15+00:00\" \/>\n<meta property=\"og:image\" content=\"https:\/\/wa-almouiepediatrics-uat-eastus2-001.azurewebsites.net\/wp-content\/uploads\/2022\/05\/simple-header.png\" \/>\n\t<meta property=\"og:image:width\" content=\"2231\" \/>\n\t<meta property=\"og:image:height\" content=\"347\" \/>\n\t<meta property=\"og:image:type\" content=\"image\/png\" \/>\n<meta name=\"twitter:card\" content=\"summary_large_image\" \/>\n<meta name=\"twitter:site\" content=\"@almouiepeds\" \/>\n<meta name=\"twitter:label1\" content=\"Tiempo de lectura\" \/>\n\t<meta name=\"twitter:data1\" content=\"3 minutos\" \/>\n<script type=\"application\/ld+json\" class=\"yoast-schema-graph\">{\"@context\":\"https:\/\/schema.org\",\"@graph\":[{\"@type\":\"WebPage\",\"@id\":\"https:\/\/almouiepediatrics.com\/es\/dr-almouie-gracias-y-adios\/\",\"url\":\"https:\/\/almouiepediatrics.com\/es\/dr-almouie-gracias-y-adios\/\",\"name\":\"Dr. Almouie: \u00a1Gracias y adi\u00f3s! - Almouie Pediatrics\",\"isPartOf\":{\"@id\":\"wa-almouiepediatrics-uat-eastus2-001.azurewebsites.net\/#website\"},\"datePublished\":\"2022-05-19T21:40:58+00:00\",\"dateModified\":\"2022-05-23T21:29:15+00:00\",\"description\":\"Gracias por su confianza al permitirme cuidar de su hijo(a) durante los \u00faltimos 25 a\u00f1os. Ha sido un honor y un privilegio proporcionar atenci\u00f3n m\u00e9dica pedi\u00e1trica y asesoramiento a tantas familias de nuestra comunidad.\",\"breadcrumb\":{\"@id\":\"https:\/\/almouiepediatrics.com\/es\/dr-almouie-gracias-y-adios\/#breadcrumb\"},\"inLanguage\":\"es\",\"potentialAction\":[{\"@type\":\"ReadAction\",\"target\":[\"https:\/\/almouiepediatrics.com\/es\/dr-almouie-gracias-y-adios\/\"]}]},{\"@type\":\"BreadcrumbList\",\"@id\":\"https:\/\/almouiepediatrics.com\/es\/dr-almouie-gracias-y-adios\/#breadcrumb\",\"itemListElement\":[{\"@type\":\"ListItem\",\"position\":1,\"name\":\"Home\",\"item\":\"https:\/\/wa-almouiepediatrics-uat-eastus2-001.azurewebsites.net\/es\/\"},{\"@type\":\"ListItem\",\"position\":2,\"name\":\"Dr. Almouie: \u00a1Gracias y adi\u00f3s!\"}]},{\"@type\":\"WebSite\",\"@id\":\"wa-almouiepediatrics-uat-eastus2-001.azurewebsites.net\/#website\",\"url\":\"wa-almouiepediatrics-uat-eastus2-001.azurewebsites.net\/\",\"name\":\"Almouie Pediatrics\",\"description\":\"Infant \u2022 Child \u2022 Adolescent\",\"publisher\":{\"@id\":\"wa-almouiepediatrics-uat-eastus2-001.azurewebsites.net\/#organization\"},\"potentialAction\":[{\"@type\":\"SearchAction\",\"target\":{\"@type\":\"EntryPoint\",\"urlTemplate\":\"wa-almouiepediatrics-uat-eastus2-001.azurewebsites.net\/?s={search_term_string}\"},\"query-input\":\"required name=search_term_string\"}],\"inLanguage\":\"es\"},{\"@type\":\"Organization\",\"@id\":\"wa-almouiepediatrics-uat-eastus2-001.azurewebsites.net\/#organization\",\"name\":\"Almouie Pediatrics\",\"url\":\"wa-almouiepediatrics-uat-eastus2-001.azurewebsites.net\/\",\"logo\":{\"@type\":\"ImageObject\",\"inLanguage\":\"es\",\"@id\":\"wa-almouiepediatrics-uat-eastus2-001.azurewebsites.net\/#\/schema\/logo\/image\/\",\"url\":\"https:\/\/almouiepediatrics.com\/wp-content\/uploads\/2020\/03\/locations-logo.png\",\"contentUrl\":\"https:\/\/almouiepediatrics.com\/wp-content\/uploads\/2020\/03\/locations-logo.png\",\"width\":236,\"height\":214,\"caption\":\"Almouie Pediatrics\"},\"image\":{\"@id\":\"wa-almouiepediatrics-uat-eastus2-001.azurewebsites.net\/#\/schema\/logo\/image\/\"},\"sameAs\":[\"https:\/\/www.facebook.com\/AlmouiePediatricsOfficial\/\",\"https:\/\/twitter.com\/almouiepeds\",\"https:\/\/www.instagram.com\/almouie_pediatrics\/\"]}]}<\/script>\n<!-- \/ Yoast SEO plugin. -->","yoast_head_json":{"title":"Dr. Almouie: \u00a1Gracias y adi\u00f3s! - Almouie Pediatrics","description":"Gracias por su confianza al permitirme cuidar de su hijo(a) durante los \u00faltimos 25 a\u00f1os. Ha sido un honor y un privilegio proporcionar atenci\u00f3n m\u00e9dica pedi\u00e1trica y asesoramiento a tantas familias de nuestra comunidad.","robots":{"index":"index","follow":"follow","max-snippet":"max-snippet:-1","max-image-preview":"max-image-preview:large","max-video-preview":"max-video-preview:-1"},"canonical":"https:\/\/almouiepediatrics.com\/es\/dr-almouie-gracias-y-adios\/","og_locale":"es_ES","og_type":"article","og_title":"Dr. Almouie: \u00a1Gracias y adi\u00f3s! - Almouie Pediatrics","og_description":"Gracias por su confianza al permitirme cuidar de su hijo(a) durante los \u00faltimos 25 a\u00f1os. Ha sido un honor y un privilegio proporcionar atenci\u00f3n m\u00e9dica pedi\u00e1trica y asesoramiento a tantas familias de nuestra comunidad.","og_url":"https:\/\/almouiepediatrics.com\/es\/dr-almouie-gracias-y-adios\/","og_site_name":"Almouie Pediatrics","article_publisher":"https:\/\/www.facebook.com\/AlmouiePediatricsOfficial\/","article_modified_time":"2022-05-23T21:29:15+00:00","og_image":[{"width":2231,"height":347,"url":"https:\/\/wa-almouiepediatrics-uat-eastus2-001.azurewebsites.net\/wp-content\/uploads\/2022\/05\/simple-header.png","type":"image\/png"}],"twitter_card":"summary_large_image","twitter_site":"@almouiepeds","twitter_misc":{"Tiempo de lectura":"3 minutos"},"schema":{"@context":"https:\/\/schema.org","@graph":[{"@type":"WebPage","@id":"https:\/\/almouiepediatrics.com\/es\/dr-almouie-gracias-y-adios\/","url":"https:\/\/almouiepediatrics.com\/es\/dr-almouie-gracias-y-adios\/","name":"Dr. Almouie: \u00a1Gracias y adi\u00f3s! - Almouie Pediatrics","isPartOf":{"@id":"wa-almouiepediatrics-uat-eastus2-001.azurewebsites.net\/#website"},"datePublished":"2022-05-19T21:40:58+00:00","dateModified":"2022-05-23T21:29:15+00:00","description":"Gracias por su confianza al permitirme cuidar de su hijo(a) durante los \u00faltimos 25 a\u00f1os. Ha sido un honor y un privilegio proporcionar atenci\u00f3n m\u00e9dica pedi\u00e1trica y asesoramiento a tantas familias de nuestra comunidad.","breadcrumb":{"@id":"https:\/\/almouiepediatrics.com\/es\/dr-almouie-gracias-y-adios\/#breadcrumb"},"inLanguage":"es","potentialAction":[{"@type":"ReadAction","target":["https:\/\/almouiepediatrics.com\/es\/dr-almouie-gracias-y-adios\/"]}]},{"@type":"BreadcrumbList","@id":"https:\/\/almouiepediatrics.com\/es\/dr-almouie-gracias-y-adios\/#breadcrumb","itemListElement":[{"@type":"ListItem","position":1,"name":"Home","item":"https:\/\/wa-almouiepediatrics-uat-eastus2-001.azurewebsites.net\/es\/"},{"@type":"ListItem","position":2,"name":"Dr. Almouie: \u00a1Gracias y adi\u00f3s!"}]},{"@type":"WebSite","@id":"wa-almouiepediatrics-uat-eastus2-001.azurewebsites.net\/#website","url":"wa-almouiepediatrics-uat-eastus2-001.azurewebsites.net\/","name":"Almouie Pediatrics","description":"Infant \u2022 Child \u2022 Adolescent","publisher":{"@id":"wa-almouiepediatrics-uat-eastus2-001.azurewebsites.net\/#organization"},"potentialAction":[{"@type":"SearchAction","target":{"@type":"EntryPoint","urlTemplate":"wa-almouiepediatrics-uat-eastus2-001.azurewebsites.net\/?s={search_term_string}"},"query-input":"required name=search_term_string"}],"inLanguage":"es"},{"@type":"Organization","@id":"wa-almouiepediatrics-uat-eastus2-001.azurewebsites.net\/#organization","name":"Almouie Pediatrics","url":"wa-almouiepediatrics-uat-eastus2-001.azurewebsites.net\/","logo":{"@type":"ImageObject","inLanguage":"es","@id":"wa-almouiepediatrics-uat-eastus2-001.azurewebsites.net\/#\/schema\/logo\/image\/","url":"https:\/\/almouiepediatrics.com\/wp-content\/uploads\/2020\/03\/locations-logo.png","contentUrl":"https:\/\/almouiepediatrics.com\/wp-content\/uploads\/2020\/03\/locations-logo.png","width":236,"height":214,"caption":"Almouie Pediatrics"},"image":{"@id":"wa-almouiepediatrics-uat-eastus2-001.azurewebsites.net\/#\/schema\/logo\/image\/"},"sameAs":["https:\/\/www.facebook.com\/AlmouiePediatricsOfficial\/","https:\/\/twitter.com\/almouiepeds","https:\/\/www.instagram.com\/almouie_pediatrics\/"]}]}},"_links":{"self":[{"href":"https:\/\/almouiepediatrics.com\/es\/wp-json\/wp\/v2\/pages\/1643"}],"collection":[{"href":"https:\/\/almouiepediatrics.com\/es\/wp-json\/wp\/v2\/pages"}],"about":[{"href":"https:\/\/almouiepediatrics.com\/es\/wp-json\/wp\/v2\/types\/page"}],"author":[{"embeddable":true,"href":"https:\/\/almouiepediatrics.com\/es\/wp-json\/wp\/v2\/users\/1"}],"replies":[{"embeddable":true,"href":"https:\/\/almouiepediatrics.com\/es\/wp-json\/wp\/v2\/comments?post=1643"}],"version-history":[{"count":0,"href":"https:\/\/almouiepediatrics.com\/es\/wp-json\/wp\/v2\/pages\/1643\/revisions"}],"wp:featuredmedia":[{"embeddable":true,"href":"https:\/\/almouiepediatrics.com\/es\/wp-json\/wp\/v2\/media\/1631"}],"wp:attachment":[{"href":"https:\/\/almouiepediatrics.com\/es\/wp-json\/wp\/v2\/media?parent=1643"}],"curies":[{"name":"wp","href":"https:\/\/api.w.org\/{rel}","templated":true}]}}