{"id":1645,"date":"2022-05-20T16:51:01","date_gmt":"2022-05-20T16:51:01","guid":{"rendered":"http:\/\/localhost:8888\/almouie-pediatrics-is-joining-md-kids-pediatrics\/"},"modified":"2022-05-26T20:05:28","modified_gmt":"2022-05-26T20:05:28","slug":"almouie-pediatrics-se-cambia-a-un-nuevo-sistema-de-registros-medicos-electronicos-ehr","status":"publish","type":"page","link":"https:\/\/almouiepediatrics.com\/es\/almouie-pediatrics-se-cambia-a-un-nuevo-sistema-de-registros-medicos-electronicos-ehr\/","title":{"rendered":"Almouie Pediatrics se Cambia a un Nuevo Sistema de Registros M\u00e9dicos Electr\u00f3nicos (EHR)"},"content":{"rendered":"<div class=\"full-bleed-section disclaimer-section\">\n<div class=\"container\">\n<h2>Estimado padre o tutor,<img decoding=\"async\" loading=\"lazy\" class=\"disclaimer-image alignright wp-image-353 size-full\" src=\"https:\/\/almouiepediatrics.com\/wp-content\/uploads\/2022\/05\/bullhorn.png\" alt=\"bullhorn\" width=\"293\" height=\"100\" \/><\/h2>\n<p><strong>El 1 de junio de 2022<\/strong> comenzaremos el proceso de actualizaci\u00f3n de nuestros <strong>Registros M\u00e9dicos Electr\u00f3nicos (EHR, por sus siglas en ingl\u00e9s)<\/strong> y de los sistemas de programaci\u00f3n para mejorar nuestra capacidad de atender a su hijo(a).<\/p>\n<p>Mientras nuestro equipo aprende y se adapta al nuevo y mejorado sistema EHR, algunos aspectos de su experiencia como paciente pueden tardar m\u00e1s de lo esperado.<\/p>\n<\/div>\n<\/div>\n<p>Aqu\u00ed hay algunas actualizaciones y consejos \u00fatiles:<\/p>\n<ul>\n<li><strong>CITAS:<\/strong> Nuestro personal necesitar\u00e1 tiempo adicional con usted en su pr\u00f3xima cita para verificar y actualizar la informaci\u00f3n del paciente de su hijo(a). Por favor, permita tiempo adicional para estas actualizaciones. Es importante tomar este paso para proteger la privacidad y seguridad de su hijo(a). Por favor, recuerde traer su licencia de conducir y tarjeta de seguro con usted a la pr\u00f3xima visita de su hijo(a).<\/li>\n<\/ul>\n<p>Si tiene alguna pregunta sobre esta transici\u00f3n, por favor cont\u00e1ctenos al <strong><a href=\"tel:\/\/833.669.5437\" target=\"_blank\" rel=\"noopener noreferrer\">833-669-KIDS (5437)<\/a><\/strong>. Gracias de antemano por su paciencia durante nuestras actualizaciones de EHR y sistemas de programaci\u00f3n.<\/p>\n<p>Sinceramente,<br \/>\nLos m\u00e9dicos y el personal de Almouie Pediatrics<\/p>\n","protected":false},"excerpt":{"rendered":"<p>Estimado padre o tutor, El 1 de junio de 2022 comenzaremos el proceso de actualizaci\u00f3n de nuestros Registros M\u00e9dicos Electr\u00f3nicos (EHR,&hellip;<\/p>\n","protected":false},"author":1,"featured_media":1631,"parent":0,"menu_order":0,"comment_status":"closed","ping_status":"open","template":"","meta":{"footnotes":""},"acf":[],"yoast_head":"<!-- This site is optimized with the Yoast SEO plugin v21.3 - https:\/\/yoast.com\/wordpress\/plugins\/seo\/ -->\n<title>Almouie Pediatrics se Cambia a un Nuevo Sistema de Registros M\u00e9dicos Electr\u00f3nicos (EHR) - Almouie Pediatrics<\/title>\n<meta name=\"description\" content=\"El 1 de junio de 2022 comenzaremos el proceso de actualizaci\u00f3n de nuestros Registros M\u00e9dicos Electr\u00f3nicos (EHR, por sus siglas en ingl\u00e9s) y de los sistemas de programaci\u00f3n para mejorar nuestra capacidad de atender a su hijo(a).\" \/>\n<meta name=\"robots\" content=\"index, follow, max-snippet:-1, max-image-preview:large, max-video-preview:-1\" \/>\n<link rel=\"canonical\" href=\"https:\/\/almouiepediatrics.com\/es\/almouie-pediatrics-se-cambia-a-un-nuevo-sistema-de-registros-medicos-electronicos-ehr\/\" \/>\n<meta property=\"og:locale\" content=\"es_ES\" \/>\n<meta property=\"og:type\" content=\"article\" \/>\n<meta property=\"og:title\" content=\"Almouie Pediatrics se Cambia a un Nuevo Sistema de Registros M\u00e9dicos Electr\u00f3nicos (EHR) - Almouie Pediatrics\" \/>\n<meta property=\"og:description\" content=\"El 1 de junio de 2022 comenzaremos el proceso de actualizaci\u00f3n de nuestros Registros M\u00e9dicos Electr\u00f3nicos (EHR, por sus siglas en ingl\u00e9s) y de los sistemas de programaci\u00f3n para mejorar nuestra capacidad de atender a su hijo(a).\" \/>\n<meta property=\"og:url\" content=\"https:\/\/almouiepediatrics.com\/es\/almouie-pediatrics-se-cambia-a-un-nuevo-sistema-de-registros-medicos-electronicos-ehr\/\" \/>\n<meta property=\"og:site_name\" content=\"Almouie Pediatrics\" \/>\n<meta property=\"article:publisher\" content=\"https:\/\/www.facebook.com\/AlmouiePediatricsOfficial\/\" \/>\n<meta property=\"article:modified_time\" content=\"2022-05-26T20:05:28+00:00\" \/>\n<meta property=\"og:image\" content=\"https:\/\/wa-almouiepediatrics-uat-eastus2-001.azurewebsites.net\/wp-content\/uploads\/2022\/05\/simple-header.png\" \/>\n\t<meta property=\"og:image:width\" content=\"2231\" \/>\n\t<meta property=\"og:image:height\" content=\"347\" \/>\n\t<meta property=\"og:image:type\" content=\"image\/png\" \/>\n<meta name=\"twitter:card\" content=\"summary_large_image\" \/>\n<meta name=\"twitter:site\" content=\"@almouiepeds\" \/>\n<meta name=\"twitter:label1\" content=\"Tiempo de lectura\" \/>\n\t<meta name=\"twitter:data1\" content=\"2 minutos\" \/>\n<script type=\"application\/ld+json\" class=\"yoast-schema-graph\">{\"@context\":\"https:\/\/schema.org\",\"@graph\":[{\"@type\":\"WebPage\",\"@id\":\"https:\/\/almouiepediatrics.com\/es\/almouie-pediatrics-se-cambia-a-un-nuevo-sistema-de-registros-medicos-electronicos-ehr\/\",\"url\":\"https:\/\/almouiepediatrics.com\/es\/almouie-pediatrics-se-cambia-a-un-nuevo-sistema-de-registros-medicos-electronicos-ehr\/\",\"name\":\"Almouie Pediatrics se Cambia a un Nuevo Sistema de Registros M\u00e9dicos Electr\u00f3nicos (EHR) - Almouie Pediatrics\",\"isPartOf\":{\"@id\":\"wa-almouiepediatrics-uat-eastus2-001.azurewebsites.net\/#website\"},\"datePublished\":\"2022-05-20T16:51:01+00:00\",\"dateModified\":\"2022-05-26T20:05:28+00:00\",\"description\":\"El 1 de junio de 2022 comenzaremos el proceso de actualizaci\u00f3n de nuestros Registros M\u00e9dicos Electr\u00f3nicos (EHR, por sus siglas en ingl\u00e9s) y de los sistemas de programaci\u00f3n para mejorar nuestra capacidad de atender a su hijo(a).\",\"breadcrumb\":{\"@id\":\"https:\/\/almouiepediatrics.com\/es\/almouie-pediatrics-se-cambia-a-un-nuevo-sistema-de-registros-medicos-electronicos-ehr\/#breadcrumb\"},\"inLanguage\":\"es\",\"potentialAction\":[{\"@type\":\"ReadAction\",\"target\":[\"https:\/\/almouiepediatrics.com\/es\/almouie-pediatrics-se-cambia-a-un-nuevo-sistema-de-registros-medicos-electronicos-ehr\/\"]}]},{\"@type\":\"BreadcrumbList\",\"@id\":\"https:\/\/almouiepediatrics.com\/es\/almouie-pediatrics-se-cambia-a-un-nuevo-sistema-de-registros-medicos-electronicos-ehr\/#breadcrumb\",\"itemListElement\":[{\"@type\":\"ListItem\",\"position\":1,\"name\":\"Home\",\"item\":\"https:\/\/wa-almouiepediatrics-uat-eastus2-001.azurewebsites.net\/es\/\"},{\"@type\":\"ListItem\",\"position\":2,\"name\":\"Almouie Pediatrics se Cambia a un Nuevo Sistema de Registros M\u00e9dicos Electr\u00f3nicos (EHR)\"}]},{\"@type\":\"WebSite\",\"@id\":\"wa-almouiepediatrics-uat-eastus2-001.azurewebsites.net\/#website\",\"url\":\"wa-almouiepediatrics-uat-eastus2-001.azurewebsites.net\/\",\"name\":\"Almouie Pediatrics\",\"description\":\"Infant \u2022 Child \u2022 Adolescent\",\"publisher\":{\"@id\":\"wa-almouiepediatrics-uat-eastus2-001.azurewebsites.net\/#organization\"},\"potentialAction\":[{\"@type\":\"SearchAction\",\"target\":{\"@type\":\"EntryPoint\",\"urlTemplate\":\"wa-almouiepediatrics-uat-eastus2-001.azurewebsites.net\/?s={search_term_string}\"},\"query-input\":\"required name=search_term_string\"}],\"inLanguage\":\"es\"},{\"@type\":\"Organization\",\"@id\":\"wa-almouiepediatrics-uat-eastus2-001.azurewebsites.net\/#organization\",\"name\":\"Almouie Pediatrics\",\"url\":\"wa-almouiepediatrics-uat-eastus2-001.azurewebsites.net\/\",\"logo\":{\"@type\":\"ImageObject\",\"inLanguage\":\"es\",\"@id\":\"wa-almouiepediatrics-uat-eastus2-001.azurewebsites.net\/#\/schema\/logo\/image\/\",\"url\":\"https:\/\/almouiepediatrics.com\/wp-content\/uploads\/2020\/03\/locations-logo.png\",\"contentUrl\":\"https:\/\/almouiepediatrics.com\/wp-content\/uploads\/2020\/03\/locations-logo.png\",\"width\":236,\"height\":214,\"caption\":\"Almouie Pediatrics\"},\"image\":{\"@id\":\"wa-almouiepediatrics-uat-eastus2-001.azurewebsites.net\/#\/schema\/logo\/image\/\"},\"sameAs\":[\"https:\/\/www.facebook.com\/AlmouiePediatricsOfficial\/\",\"https:\/\/twitter.com\/almouiepeds\",\"https:\/\/www.instagram.com\/almouie_pediatrics\/\"]}]}<\/script>\n<!-- \/ Yoast SEO plugin. -->","yoast_head_json":{"title":"Almouie Pediatrics se Cambia a un Nuevo Sistema de Registros M\u00e9dicos Electr\u00f3nicos (EHR) - Almouie Pediatrics","description":"El 1 de junio de 2022 comenzaremos el proceso de actualizaci\u00f3n de nuestros Registros M\u00e9dicos Electr\u00f3nicos (EHR, por sus siglas en ingl\u00e9s) y de los sistemas de programaci\u00f3n para mejorar nuestra capacidad de atender a su hijo(a).","robots":{"index":"index","follow":"follow","max-snippet":"max-snippet:-1","max-image-preview":"max-image-preview:large","max-video-preview":"max-video-preview:-1"},"canonical":"https:\/\/almouiepediatrics.com\/es\/almouie-pediatrics-se-cambia-a-un-nuevo-sistema-de-registros-medicos-electronicos-ehr\/","og_locale":"es_ES","og_type":"article","og_title":"Almouie Pediatrics se Cambia a un Nuevo Sistema de Registros M\u00e9dicos Electr\u00f3nicos (EHR) - Almouie Pediatrics","og_description":"El 1 de junio de 2022 comenzaremos el proceso de actualizaci\u00f3n de nuestros Registros M\u00e9dicos Electr\u00f3nicos (EHR, por sus siglas en ingl\u00e9s) y de los sistemas de programaci\u00f3n para mejorar nuestra capacidad de atender a su hijo(a).","og_url":"https:\/\/almouiepediatrics.com\/es\/almouie-pediatrics-se-cambia-a-un-nuevo-sistema-de-registros-medicos-electronicos-ehr\/","og_site_name":"Almouie Pediatrics","article_publisher":"https:\/\/www.facebook.com\/AlmouiePediatricsOfficial\/","article_modified_time":"2022-05-26T20:05:28+00:00","og_image":[{"width":2231,"height":347,"url":"https:\/\/wa-almouiepediatrics-uat-eastus2-001.azurewebsites.net\/wp-content\/uploads\/2022\/05\/simple-header.png","type":"image\/png"}],"twitter_card":"summary_large_image","twitter_site":"@almouiepeds","twitter_misc":{"Tiempo de lectura":"2 minutos"},"schema":{"@context":"https:\/\/schema.org","@graph":[{"@type":"WebPage","@id":"https:\/\/almouiepediatrics.com\/es\/almouie-pediatrics-se-cambia-a-un-nuevo-sistema-de-registros-medicos-electronicos-ehr\/","url":"https:\/\/almouiepediatrics.com\/es\/almouie-pediatrics-se-cambia-a-un-nuevo-sistema-de-registros-medicos-electronicos-ehr\/","name":"Almouie Pediatrics se Cambia a un Nuevo Sistema de Registros M\u00e9dicos Electr\u00f3nicos (EHR) - Almouie Pediatrics","isPartOf":{"@id":"wa-almouiepediatrics-uat-eastus2-001.azurewebsites.net\/#website"},"datePublished":"2022-05-20T16:51:01+00:00","dateModified":"2022-05-26T20:05:28+00:00","description":"El 1 de junio de 2022 comenzaremos el proceso de actualizaci\u00f3n de nuestros Registros M\u00e9dicos Electr\u00f3nicos (EHR, por sus siglas en ingl\u00e9s) y de los sistemas de programaci\u00f3n para mejorar nuestra capacidad de atender a su hijo(a).","breadcrumb":{"@id":"https:\/\/almouiepediatrics.com\/es\/almouie-pediatrics-se-cambia-a-un-nuevo-sistema-de-registros-medicos-electronicos-ehr\/#breadcrumb"},"inLanguage":"es","potentialAction":[{"@type":"ReadAction","target":["https:\/\/almouiepediatrics.com\/es\/almouie-pediatrics-se-cambia-a-un-nuevo-sistema-de-registros-medicos-electronicos-ehr\/"]}]},{"@type":"BreadcrumbList","@id":"https:\/\/almouiepediatrics.com\/es\/almouie-pediatrics-se-cambia-a-un-nuevo-sistema-de-registros-medicos-electronicos-ehr\/#breadcrumb","itemListElement":[{"@type":"ListItem","position":1,"name":"Home","item":"https:\/\/wa-almouiepediatrics-uat-eastus2-001.azurewebsites.net\/es\/"},{"@type":"ListItem","position":2,"name":"Almouie Pediatrics se Cambia a un Nuevo Sistema de Registros M\u00e9dicos Electr\u00f3nicos (EHR)"}]},{"@type":"WebSite","@id":"wa-almouiepediatrics-uat-eastus2-001.azurewebsites.net\/#website","url":"wa-almouiepediatrics-uat-eastus2-001.azurewebsites.net\/","name":"Almouie Pediatrics","description":"Infant \u2022 Child \u2022 Adolescent","publisher":{"@id":"wa-almouiepediatrics-uat-eastus2-001.azurewebsites.net\/#organization"},"potentialAction":[{"@type":"SearchAction","target":{"@type":"EntryPoint","urlTemplate":"wa-almouiepediatrics-uat-eastus2-001.azurewebsites.net\/?s={search_term_string}"},"query-input":"required name=search_term_string"}],"inLanguage":"es"},{"@type":"Organization","@id":"wa-almouiepediatrics-uat-eastus2-001.azurewebsites.net\/#organization","name":"Almouie Pediatrics","url":"wa-almouiepediatrics-uat-eastus2-001.azurewebsites.net\/","logo":{"@type":"ImageObject","inLanguage":"es","@id":"wa-almouiepediatrics-uat-eastus2-001.azurewebsites.net\/#\/schema\/logo\/image\/","url":"https:\/\/almouiepediatrics.com\/wp-content\/uploads\/2020\/03\/locations-logo.png","contentUrl":"https:\/\/almouiepediatrics.com\/wp-content\/uploads\/2020\/03\/locations-logo.png","width":236,"height":214,"caption":"Almouie Pediatrics"},"image":{"@id":"wa-almouiepediatrics-uat-eastus2-001.azurewebsites.net\/#\/schema\/logo\/image\/"},"sameAs":["https:\/\/www.facebook.com\/AlmouiePediatricsOfficial\/","https:\/\/twitter.com\/almouiepeds","https:\/\/www.instagram.com\/almouie_pediatrics\/"]}]}},"_links":{"self":[{"href":"https:\/\/almouiepediatrics.com\/es\/wp-json\/wp\/v2\/pages\/1645"}],"collection":[{"href":"https:\/\/almouiepediatrics.com\/es\/wp-json\/wp\/v2\/pages"}],"about":[{"href":"https:\/\/almouiepediatrics.com\/es\/wp-json\/wp\/v2\/types\/page"}],"author":[{"embeddable":true,"href":"https:\/\/almouiepediatrics.com\/es\/wp-json\/wp\/v2\/users\/1"}],"replies":[{"embeddable":true,"href":"https:\/\/almouiepediatrics.com\/es\/wp-json\/wp\/v2\/comments?post=1645"}],"version-history":[{"count":0,"href":"https:\/\/almouiepediatrics.com\/es\/wp-json\/wp\/v2\/pages\/1645\/revisions"}],"wp:featuredmedia":[{"embeddable":true,"href":"https:\/\/almouiepediatrics.com\/es\/wp-json\/wp\/v2\/media\/1631"}],"wp:attachment":[{"href":"https:\/\/almouiepediatrics.com\/es\/wp-json\/wp\/v2\/media?parent=1645"}],"curies":[{"name":"wp","href":"https:\/\/api.w.org\/{rel}","templated":true}]}}