{"id":1687,"date":"2019-12-27T15:23:03","date_gmt":"2019-12-27T15:23:03","guid":{"rendered":"http:\/\/localhost:8888\/request-an-appointment\/"},"modified":"2022-08-02T16:12:43","modified_gmt":"2022-08-02T16:12:43","slug":"solicitar-cita","status":"publish","type":"page","link":"https:\/\/almouiepediatrics.com\/es\/solicitar-cita\/","title":{"rendered":"Solicitar Cita"},"content":{"rendered":"\n<div class=\"wpcf7 no-js\" id=\"wpcf7-f1688-o1\" lang=\"es-ES\" dir=\"ltr\">\n<div class=\"screen-reader-response\"><p role=\"status\" aria-live=\"polite\" aria-atomic=\"true\"><\/p> <ul><\/ul><\/div>\n<form action=\"\/es\/wp-json\/wp\/v2\/pages\/1687#wpcf7-f1688-o1\" method=\"post\" class=\"wpcf7-form init\" aria-label=\"Formulario de contacto\" novalidate=\"novalidate\" data-status=\"init\">\n<div style=\"display: none;\">\n<input type=\"hidden\" name=\"_wpcf7\" value=\"1688\" \/>\n<input type=\"hidden\" name=\"_wpcf7_version\" value=\"5.8.1\" \/>\n<input type=\"hidden\" name=\"_wpcf7_locale\" value=\"es_ES\" \/>\n<input type=\"hidden\" name=\"_wpcf7_unit_tag\" value=\"wpcf7-f1688-o1\" \/>\n<input type=\"hidden\" name=\"_wpcf7_container_post\" value=\"0\" \/>\n<input type=\"hidden\" name=\"_wpcf7_posted_data_hash\" value=\"\" \/>\n<input type=\"hidden\" name=\"_wpcf7cf_hidden_group_fields\" value=\"[]\" \/>\n<input type=\"hidden\" name=\"_wpcf7cf_hidden_groups\" value=\"[]\" \/>\n<input type=\"hidden\" name=\"_wpcf7cf_visible_groups\" value=\"[]\" \/>\n<input type=\"hidden\" name=\"_wpcf7cf_repeaters\" value=\"[]\" \/>\n<input type=\"hidden\" name=\"_wpcf7cf_steps\" value=\"{}\" \/>\n<input type=\"hidden\" name=\"_wpcf7cf_options\" value=\"{&quot;form_id&quot;:1688,&quot;conditions&quot;:[{&quot;then_field&quot;:&quot;group_sex&quot;,&quot;and_rules&quot;:[{&quot;if_field&quot;:&quot;new-or-established&quot;,&quot;operator&quot;:&quot;equals&quot;,&quot;if_value&quot;:&quot;Paciente Nuevo&quot;}]},{&quot;then_field&quot;:&quot;group_pay_method&quot;,&quot;and_rules&quot;:[{&quot;if_field&quot;:&quot;new-or-established&quot;,&quot;operator&quot;:&quot;equals&quot;,&quot;if_value&quot;:&quot;Paciente Nuevo&quot;}]},{&quot;then_field&quot;:&quot;group_short_description&quot;,&quot;and_rules&quot;:[{&quot;if_field&quot;:&quot;contact-reason&quot;,&quot;operator&quot;:&quot;equals&quot;,&quot;if_value&quot;:&quot;Enfermo&quot;}]},{&quot;then_field&quot;:&quot;group_short_description&quot;,&quot;and_rules&quot;:[{&quot;if_field&quot;:&quot;contact-reason&quot;,&quot;operator&quot;:&quot;equals&quot;,&quot;if_value&quot;:&quot;Enfermo (Seguimiento)&quot;}]},{&quot;then_field&quot;:&quot;group_short_description&quot;,&quot;and_rules&quot;:[{&quot;if_field&quot;:&quot;contact-reason&quot;,&quot;operator&quot;:&quot;equals&quot;,&quot;if_value&quot;:&quot;Paciente Nuevo - Enfermo&quot;}]},{&quot;then_field&quot;:&quot;no_cash_policy&quot;,&quot;and_rules&quot;:[{&quot;if_field&quot;:&quot;contact-pay_method&quot;,&quot;operator&quot;:&quot;equals&quot;,&quot;if_value&quot;:&quot;Auto Pago&quot;}]}],&quot;settings&quot;:{&quot;animation&quot;:&quot;yes&quot;,&quot;animation_intime&quot;:&quot;200&quot;,&quot;animation_outtime&quot;:&quot;200&quot;,&quot;conditions_ui&quot;:&quot;normal&quot;,&quot;notice_dismissed&quot;:&quot;1&quot;,&quot;regex_numeric&quot;:&quot;^[0-9]+$&quot;,&quot;regex_alphabetic&quot;:&quot;^[a-zA-Z]+$&quot;,&quot;regex_alphanumeric&quot;:&quot;^[a-zA-Z0-9]+$&quot;,&quot;regex_date&quot;:&quot;^(0?[1-9]|1[012])[- .](0?[1-9]|[12][0-9]|3[01])[- \\\/.](19|20)?[0-9]{2}$&quot;,&quot;regex_email&quot;:&quot;^[a-zA-Z0-9._%-]+@[a-zA-Z0-9.-]+.[a-zA-Z]{2,4}$&quot;,&quot;regex_numeric_label&quot;:&quot;numeric&quot;,&quot;regex_alphabetic_label&quot;:&quot;alphabetic&quot;,&quot;regex_alphanumeric_label&quot;:&quot;alphanumeric&quot;,&quot;regex_date_label&quot;:&quot;date&quot;,&quot;regex_email_label&quot;:&quot;email&quot;,&quot;regex_custom_1&quot;:&quot;&quot;,&quot;regex_custom_2&quot;:&quot;&quot;,&quot;regex_custom_3&quot;:&quot;&quot;,&quot;regex_custom_4&quot;:&quot;&quot;,&quot;regex_custom_5&quot;:&quot;&quot;,&quot;regex_custom_1_label&quot;:&quot;custom 1&quot;,&quot;regex_custom_2_label&quot;:&quot;custom 2&quot;,&quot;regex_custom_3_label&quot;:&quot;custom 3&quot;,&quot;regex_custom_4_label&quot;:&quot;custom 4&quot;,&quot;regex_custom_5_label&quot;:&quot;custom 5&quot;,&quot;notice_dismissed_rollback-cf7-5.7.5.1&quot;:true,&quot;notice_dismissed_rollback-cf7-5.7.7&quot;:true}}\" \/>\n<input type=\"hidden\" name=\"_wpcf7_recaptcha_response\" value=\"\" \/>\n<\/div>\n<div class=\"form-wrap\">\n\t<div class=\"wpcf7cf_repeater\" data-id=\"patients\" data-orig_data_id=\"patients\" >\n\t\t<div class=\"wpcf7cf_repeater_sub\" data-repeater_sub_suffix=\"\">\n\t\t\t<div class=\"form-group\">\n\t\t\t\t<p><label>Paciente Nuevo o Establecido *<\/label><br \/>\n<span class=\"wpcf7-form-control-wrap\" data-name=\"new-or-established\"><span class=\"wpcf7-form-control wpcf7-radio\" id=\"new_or_established\"><span class=\"wpcf7-list-item first\"><label><input type=\"radio\" name=\"new-or-established\" value=\"Paciente Nuevo\" checked=\"checked\" \/><span class=\"wpcf7-list-item-label\">Paciente Nuevo<\/span><\/label><\/span><span class=\"wpcf7-list-item last\"><label><input type=\"radio\" name=\"new-or-established\" value=\"Paciente Establecido\" \/><span class=\"wpcf7-list-item-label\">Paciente Establecido<\/span><\/label><\/span><\/span><\/span>\n\t\t\t\t<\/p>\n\t\t\t<\/div>\n\t\t\t<div class=\"group-wrap row\">\n\t\t\t\t<div class=\"form-group col-md-6\">\n\t\t\t\t\t<p><span class=\"wpcf7-form-control-wrap\" data-name=\"first-name\"><input size=\"40\" class=\"wpcf7-form-control wpcf7-text wpcf7-validates-as-required form-control\" id=\"first-name\" aria-required=\"true\" aria-invalid=\"false\" placeholder=\"Primer Nombre del ni\u00f1o(a) *\" value=\"\" type=\"text\" name=\"first-name\" \/><\/span>\n\t\t\t\t\t<\/p>\n\t\t\t\t<\/div>\n\t\t\t\t<div class=\"form-group col-md-6\">\n\t\t\t\t\t<p><span class=\"wpcf7-form-control-wrap\" data-name=\"last-name\"><input size=\"40\" class=\"wpcf7-form-control wpcf7-text wpcf7-validates-as-required form-control\" id=\"last-name\" aria-required=\"true\" aria-invalid=\"false\" placeholder=\"Apellido del ni\u00f1o(a) *\" value=\"\" type=\"text\" name=\"last-name\" \/><\/span>\n\t\t\t\t\t<\/p>\n\t\t\t\t<\/div>\n\t\t\t<\/div>\n\t\t\t<div class=\"group-wrap row\">\n\t\t\t\t<div class=\"form-group col-md-6\">\n\t\t\t\t\t<p><span class=\"wpcf7-form-control-wrap\" data-name=\"your-phone\"><input size=\"40\" class=\"wpcf7-form-control wpcf7-tel wpcf7-validates-as-required wpcf7-text wpcf7-validates-as-tel form-control\" id=\"contact-phone\" aria-required=\"true\" aria-invalid=\"false\" placeholder=\"Tel\u00e9fono\" value=\"\" type=\"tel\" name=\"your-phone\" \/><\/span>\n\t\t\t\t\t<\/p>\n\t\t\t\t<\/div>\n\t\t\t\t<div class=\"form-group col-md-6\">\n\t\t\t\t\t<p><span class=\"wpcf7-form-control-wrap\" data-name=\"your-email\"><input size=\"40\" class=\"wpcf7-form-control wpcf7-email wpcf7-validates-as-required wpcf7-text wpcf7-validates-as-email form-control\" id=\"contact-email\" aria-required=\"true\" aria-invalid=\"false\" placeholder=\"Correo Electr\u00f3nico *\" value=\"\" type=\"email\" name=\"your-email\" \/><\/span>\n\t\t\t\t\t<\/p>\n\t\t\t\t<\/div>\n\t\t\t<\/div>\n\t\t\t<div class=\"group-wrap row\">\n\t\t\t\t<div class=\"form-group col-md-4\">\n\t\t\t\t\t<p><label for=\"contact-birthday\">Fecha de Nacimiento *<\/label><br \/>\n<span class=\"wpcf7-form-control-wrap\" data-name=\"your-dob\"><input size=\"40\" class=\"wpcf7-form-control wpcf7-text wpcf7-validates-as-required form-control walcf7-datepicker\" id=\"contact-birthday\" aria-required=\"true\" aria-invalid=\"false\" placeholder=\"MM\/DD\/YY\" value=\"\" type=\"text\" name=\"your-dob\" \/><\/span>\n\t\t\t\t\t<\/p>\n\t\t\t\t<\/div>\n\t\t\t\t<div class=\"form-group col-md-4\">\n\t\t\t\t\t<div data-id=\"group_sex\" data-orig_data_id=\"group_sex\"  data-class=\"wpcf7cf_group\">\n\t\t\t\t\t\t<p><label for=\"contact-gender\">Sexo *<\/label><br \/>\n<span class=\"wpcf7-form-control-wrap\" data-name=\"contact-gender\"><select class=\"wpcf7-form-control wpcf7-select wpcf7-validates-as-required form-control\" id=\"contact-gender\" aria-required=\"true\" aria-invalid=\"false\" name=\"contact-gender\"><option value=\"\">&#8212;Por favor, elige una opci\u00f3n&#8212;<\/option><option value=\"Hombre\">Hombre<\/option><option value=\"Mujer\">Mujer<\/option><option value=\"Prefiero no decirlo\">Prefiero no decirlo<\/option><\/select><\/span>\n\t\t\t\t\t\t<\/p>\n\t\t\t\t\t<\/div>\n\t\t\t\t<\/div>\n\t\t\t\t<div class=\"form-group col-md-4\">\n\t\t\t\t\t<div data-id=\"group_pay_method\" data-orig_data_id=\"group_pay_method\"  data-class=\"wpcf7cf_group\">\n\t\t\t\t\t\t<p><label for=\"contact-pay_method\">M\u00e9todo de Pago *<\/label><br \/>\n<span class=\"wpcf7-form-control-wrap\" data-name=\"contact-pay_method\"><select class=\"wpcf7-form-control wpcf7-select wpcf7-validates-as-required form-control\" id=\"contact-pay_method\" aria-required=\"true\" aria-invalid=\"false\" name=\"contact-pay_method\"><option value=\"\">&#8212;Por favor, elige una opci\u00f3n&#8212;<\/option><option value=\"Auto Pago\">Auto Pago<\/option><option value=\"Medicaid\">Medicaid<\/option><option value=\"Comercial\">Comercial<\/option><\/select><\/span>\n\t\t\t\t\t\t<\/p>\n\t\t\t\t\t<\/div>\n\t\t\t\t\t<div data-id=\"no_cash_policy\" data-orig_data_id=\"no_cash_policy\"  data-class=\"wpcf7cf_group\">\n\t\t\t\t\t\t<div class=\"disclaimer no-casy-policy\">\n\t\t\t\t\t\t\t<p>* No se acepta dinero en efectivo; s\u00f3lo tarjetas de d\u00e9bito o cr\u00e9dito.\n\t\t\t\t\t\t\t<\/p>\n\t\t\t\t\t\t<\/div>\n\t\t\t\t\t<\/div>\n\t\t\t\t<\/div>\n\t\t\t<\/div>\n\t\t\t<div class=\"group-wrap row\">\n\t\t\t\t<div class=\"form-group col-md-6\">\n\t\t\t\t\t<p><label for=\"contact-medical_home\">Su Hogar M\u00e9dico *<\/label><br \/>\n<span class=\"wpcf7-form-control-wrap\" data-name=\"contact-medical_home\"><select class=\"wpcf7-form-control wpcf7-select wpcf7-validates-as-required form-control\" id=\"contact-medical_home\" aria-required=\"true\" aria-invalid=\"false\" name=\"contact-medical_home\"><option value=\"Almouie Pediatrics\">Almouie Pediatrics<\/option><\/select><\/span>\n\t\t\t\t\t<\/p>\n\t\t\t\t<\/div>\n\t\t\t\t<div class=\"form-group col-md-6\">\n\t\t\t\t\t<p><label for=\"contact-prefer_location\">Ubicaci\u00f3n que Prefiere Visitar *<\/label><br \/>\n<span class=\"wpcf7-form-control-wrap\" data-name=\"contact-location\"><select class=\"wpcf7-form-control wpcf7-select wpcf7-validates-as-required form-control\" id=\"contact-prefer_location\" aria-required=\"true\" aria-invalid=\"false\" name=\"contact-location\"><option value=\"\">&#8212;Por favor, elige una opci\u00f3n&#8212;<\/option><\/select><\/span>\n\t\t\t\t\t<\/p>\n\t\t\t\t<\/div>\n\t\t\t<\/div>\n\t\t\t<div class=\"group-wrap row\">\n\t\t\t\t<div class=\"form-group col-md-6\">\n\t\t\t\t\t<p><label for=\"contact-tentative_date\">Fecha y Hora Tentativas de la Cita *<\/label><br \/>\n<span class=\"wpcf7-form-control-wrap\" data-name=\"your-tentative_date\"><input size=\"40\" class=\"wpcf7-form-control wpcf7-text wpcf7-validates-as-required form-control walcf7-datetimepicker\" id=\"contact-tentative_date\" aria-required=\"true\" aria-invalid=\"false\" placeholder=\"MM\/DD\/YY\" value=\"\" type=\"text\" name=\"your-tentative_date\" \/><\/span>\n\t\t\t\t\t<\/p>\n\t\t\t\t<\/div>\n\t\t\t\t<div class=\"form-group col-md-6\">\n\t\t\t\t\t<p><label for=\"contact-reason\">Raz\u00f3n de la Visita *<\/label><br \/>\n<span class=\"wpcf7-form-control-wrap\" data-name=\"contact-reason\"><select class=\"wpcf7-form-control wpcf7-select wpcf7-validates-as-required form-control\" id=\"contact-reason\" aria-required=\"true\" aria-invalid=\"false\" name=\"contact-reason\"><option value=\"\">&#8212;Por favor, elige una opci\u00f3n&#8212;<\/option><option value=\"Enfermo\">Enfermo<\/option><option value=\"Enfermo (Seguimiento)\">Enfermo (Seguimiento)<\/option><option value=\"Visita de Bienestar\">Visita de Bienestar<\/option><option value=\"Paciente Nuevo - Enfermo\">Paciente Nuevo - Enfermo<\/option><option value=\"Paciente Nuevo - Bien\">Paciente Nuevo - Bien<\/option><option value=\"Surtido de Medicamento\">Surtido de Medicamento<\/option><option value=\"Prueba de COVID-19\">Prueba de COVID-19<\/option><option value=\"Vacuna Contra la Gripe\">Vacuna Contra la Gripe<\/option><option value=\"Reci\u00e9n Nacido\">Reci\u00e9n Nacido<\/option><option value=\"Ex\u00e1menes F\u00edsicos Deportivos\/Escolares\">Ex\u00e1menes F\u00edsicos Deportivos\/Escolares<\/option><\/select><\/span>\n\t\t\t\t\t<\/p>\n\t\t\t\t<\/div>\n\t\t\t<\/div>\n\t\t\t<div data-id=\"group_short_description\" data-orig_data_id=\"group_short_description\"  data-class=\"wpcf7cf_group\">\n\t\t\t\t<div class=\"form-group\">\n\t\t\t\t\t<p><label class=\"sr-only\" for=\"contact-description\">Breve descripci\u00f3n *<\/label><span class=\"wpcf7-form-control-wrap\" data-name=\"short-description\"><textarea cols=\"40\" rows=\"10\" class=\"wpcf7-form-control wpcf7-textarea wpcf7-validates-as-required form-control\" id=\"contact-description\" aria-required=\"true\" aria-invalid=\"false\" placeholder=\"Proporcione una breve descripci\u00f3n *\" name=\"short-description\"><\/textarea><\/span>\n\t\t\t\t\t<\/p>\n\t\t\t\t<\/div>\n\t\t\t<\/div>\n\t\t<\/div>\n\t\t<p class=\"wpcf7cf_repeater_controls\"><input type=\"hidden\" name=\"patients_count\" value=\"\" \/><span class=\"wpcf7cf_add-container\">\t\t\t\t\t\t\t\t\t<button type=\"button\" class=\"wpcf7cf_add\">Agregar paciente adicional<\/button>\t\t\t\t\t\t\t\t<\/span><span class=\"wpcf7cf_remove-container\">\t\t\t\t\t\t\t\t\t<button type=\"button\" class=\"wpcf7cf_remove\">Eliminar paciente<\/button>\t\t\t\t\t\t\t\t<\/span>\n\t\t<\/p>\n\t<\/div>\n\t<div class=\"form-group\">\n\t\t<div class=\"disclaimer\">\n\t\t\t<p>No se garantizan las citas solicitadas por un per\u00edodo menos de 24 horas. Deber\u00e1 recibir un correo electr\u00f3nico para confirmar su cita.\n\t\t\t<\/p>\n\t\t<\/div>\n\t<\/div>\n\t<div class=\"form-group\">\n\t\t<p><span class=\"wpcf7-form-control-wrap\" data-name=\"acceptance-1\"><span class=\"wpcf7-form-control wpcf7-acceptance\"><span class=\"wpcf7-list-item\"><label><input type=\"checkbox\" name=\"acceptance-1\" value=\"1\" aria-invalid=\"false\" \/><span class=\"wpcf7-list-item-label\">Aceptar<\/span><\/label><\/span><\/span><\/span>\n\t\t<\/p>\n\t<\/div>\n\t<div class=\"form-group\">\n\t\t<p><span class=\"wpcf7-form-control-wrap\" data-name=\"acceptance-2\"><span class=\"wpcf7-form-control wpcf7-acceptance\"><span class=\"wpcf7-list-item\"><label><input type=\"checkbox\" name=\"acceptance-2\" value=\"1\" aria-invalid=\"false\" \/><span class=\"wpcf7-list-item-label\">Al marcar esta casilla y hacer clic en enviar, autorizo expresamente a Almouie Pediatrics a enviar a mi n\u00famero de tel\u00e9fono y\/o direcci\u00f3n de correo electr\u00f3nico, comunicaciones, publicidad de servicios, productos, promociones, citas, informaci\u00f3n de cuentas.<\/span><\/label><\/span><\/span><\/span>\n\t\t<\/p>\n\t<\/div>\n\t<div class=\"form-group form-submit\">\n\t\t<p><input class=\"wpcf7-form-control wpcf7-submit has-spinner btn btn-lg btn-secondary\" type=\"submit\" value=\"ENVIAR\" \/>\n\t\t<\/p>\n\t<\/div>\n<\/div>\n<p><script>\n jQuery(document).ready(function($) {\n setTimeout(function() {\n $('[data-orig_id=\"contact-birthday\"]').datetimepicker('setOptions', {format:'m\/d\/Y', formatDate: 'm\/d\/Y'});\n $('[data-orig_id=\"contact-tentative_date\"]').datetimepicker('setOptions', {format:'m\/d\/Y h:i A', formatDate: 'm\/d\/Y', formatTime: 'h:i A'});\n }, 50);\n $('.wpcf7cf_add').click(function(e) {\n var $newly_added_sub = $(this).closest('.wpcf7cf_repeater').find('.wpcf7cf_repeater_sub').last();\n $newly_added_sub.find('[data-orig_id=\"contact-birthday\"]').datetimepicker({\n \t\t\tdayOfWeekStart : 1,\n \t\t\tyearStart: '1900',\n \t\t\tlang:'en',\n \t\t\ttimepicker:false,\n \t\t\tformat:'m\/d\/Y',\n \t\t\tformatDate:'m\/d\/Y',\n \t\t\tvalidateOnBlur: false,\n \t\t\tonGenerate: function( ct, $input ){\n \t\t\t\t$input.prop('readonly', true);\n \t\t\t\tvar $this = $(this);\n \t\t\t\t$this.find('.xdsoft_date').removeClass('xdsoft_disabled');\n \t\t\t\t$this.find('.xdsoft_time').removeClass('xdsoft_disabled');\n \t\t\t}\t\t\t\t\t\t\n \t\t});\n $newly_added_sub.find('[data-orig_id=\"contact-tentative_date\"]').datetimepicker({\n\t\t\t\tdayOfWeekStart : 1,\n\t\t\t\tyearStart: '1900',\n\t\t\t\tlang:'en',\n\t\t\t\tformat:'m\/d\/Y h:i A',\n\t\t\t\tformatDate:'m\/d\/Y',\n\t\t\t\tformatTime:'h:i A',\n\t\t\t\tdefaultTime:'10:00',\n\t\t\t\tvalidateOnBlur: false,\n\t\t\t\tonGenerate: function( ct, $input ){\n\t\t\t\t\t$input.prop('readonly', true);\n\t\t\t\t\tvar $this = $(this);\n\t\t\t\t\t$this.find('.xdsoft_date').removeClass('xdsoft_disabled');\n\t\t\t\t\t$this.find('.xdsoft_time').removeClass('xdsoft_disabled');\n\t\t\t\t}\t\t\t\t\t\t\n\t\t\t});\n });\n });\n<\/script>\n<\/p><input type='hidden' class='wpcf7-pum' value='{\"closepopup\":false,\"closedelay\":0,\"openpopup\":false,\"openpopup_id\":0}' \/><div class=\"wpcf7-response-output\" aria-hidden=\"true\"><\/div>\n<\/form>\n<\/div>\n\n","protected":false},"excerpt":{"rendered":"","protected":false},"author":1,"featured_media":639,"parent":0,"menu_order":0,"comment_status":"closed","ping_status":"open","template":"","meta":{"footnotes":""},"acf":[],"yoast_head":"<!-- This site is optimized with the Yoast SEO plugin v21.3 - https:\/\/yoast.com\/wordpress\/plugins\/seo\/ -->\n<title>Solicitar Cita - Almouie Pediatrics<\/title>\n<meta name=\"robots\" content=\"index, follow, max-snippet:-1, max-image-preview:large, max-video-preview:-1\" \/>\n<link rel=\"canonical\" href=\"https:\/\/almouiepediatrics.com\/es\/solicitar-cita\/\" \/>\n<meta property=\"og:locale\" content=\"es_ES\" \/>\n<meta property=\"og:type\" content=\"article\" \/>\n<meta property=\"og:title\" content=\"Solicitar Cita - Almouie Pediatrics\" \/>\n<meta property=\"og:url\" content=\"https:\/\/almouiepediatrics.com\/es\/solicitar-cita\/\" \/>\n<meta property=\"og:site_name\" content=\"Almouie Pediatrics\" \/>\n<meta property=\"article:publisher\" content=\"https:\/\/www.facebook.com\/AlmouiePediatricsOfficial\/\" \/>\n<meta property=\"article:modified_time\" content=\"2022-08-02T16:12:43+00:00\" \/>\n<meta property=\"og:image\" content=\"https:\/\/wa-almouiepediatrics-uat-eastus2-001.azurewebsites.net\/wp-content\/uploads\/2020\/03\/locations-header.png\" \/>\n\t<meta property=\"og:image:width\" content=\"2230\" \/>\n\t<meta property=\"og:image:height\" content=\"346\" \/>\n\t<meta property=\"og:image:type\" content=\"image\/png\" \/>\n<meta name=\"twitter:card\" content=\"summary_large_image\" \/>\n<meta name=\"twitter:site\" content=\"@almouiepeds\" \/>\n<meta name=\"twitter:label1\" content=\"Tiempo de lectura\" \/>\n\t<meta name=\"twitter:data1\" content=\"1 minuto\" \/>\n<script type=\"application\/ld+json\" class=\"yoast-schema-graph\">{\"@context\":\"https:\/\/schema.org\",\"@graph\":[{\"@type\":\"WebPage\",\"@id\":\"https:\/\/almouiepediatrics.com\/es\/solicitar-cita\/\",\"url\":\"https:\/\/almouiepediatrics.com\/es\/solicitar-cita\/\",\"name\":\"Solicitar Cita - Almouie Pediatrics\",\"isPartOf\":{\"@id\":\"wa-almouiepediatrics-uat-eastus2-001.azurewebsites.net\/#website\"},\"datePublished\":\"2019-12-27T15:23:03+00:00\",\"dateModified\":\"2022-08-02T16:12:43+00:00\",\"breadcrumb\":{\"@id\":\"https:\/\/almouiepediatrics.com\/es\/solicitar-cita\/#breadcrumb\"},\"inLanguage\":\"es\",\"potentialAction\":[{\"@type\":\"ReadAction\",\"target\":[\"https:\/\/almouiepediatrics.com\/es\/solicitar-cita\/\"]}]},{\"@type\":\"BreadcrumbList\",\"@id\":\"https:\/\/almouiepediatrics.com\/es\/solicitar-cita\/#breadcrumb\",\"itemListElement\":[{\"@type\":\"ListItem\",\"position\":1,\"name\":\"Home\",\"item\":\"https:\/\/wa-almouiepediatrics-uat-eastus2-001.azurewebsites.net\/es\/\"},{\"@type\":\"ListItem\",\"position\":2,\"name\":\"Solicitar Cita\"}]},{\"@type\":\"WebSite\",\"@id\":\"wa-almouiepediatrics-uat-eastus2-001.azurewebsites.net\/#website\",\"url\":\"wa-almouiepediatrics-uat-eastus2-001.azurewebsites.net\/\",\"name\":\"Almouie Pediatrics\",\"description\":\"Infant \u2022 Child \u2022 Adolescent\",\"publisher\":{\"@id\":\"wa-almouiepediatrics-uat-eastus2-001.azurewebsites.net\/#organization\"},\"potentialAction\":[{\"@type\":\"SearchAction\",\"target\":{\"@type\":\"EntryPoint\",\"urlTemplate\":\"wa-almouiepediatrics-uat-eastus2-001.azurewebsites.net\/?s={search_term_string}\"},\"query-input\":\"required name=search_term_string\"}],\"inLanguage\":\"es\"},{\"@type\":\"Organization\",\"@id\":\"wa-almouiepediatrics-uat-eastus2-001.azurewebsites.net\/#organization\",\"name\":\"Almouie Pediatrics\",\"url\":\"wa-almouiepediatrics-uat-eastus2-001.azurewebsites.net\/\",\"logo\":{\"@type\":\"ImageObject\",\"inLanguage\":\"es\",\"@id\":\"wa-almouiepediatrics-uat-eastus2-001.azurewebsites.net\/#\/schema\/logo\/image\/\",\"url\":\"https:\/\/almouiepediatrics.com\/wp-content\/uploads\/2020\/03\/locations-logo.png\",\"contentUrl\":\"https:\/\/almouiepediatrics.com\/wp-content\/uploads\/2020\/03\/locations-logo.png\",\"width\":236,\"height\":214,\"caption\":\"Almouie Pediatrics\"},\"image\":{\"@id\":\"wa-almouiepediatrics-uat-eastus2-001.azurewebsites.net\/#\/schema\/logo\/image\/\"},\"sameAs\":[\"https:\/\/www.facebook.com\/AlmouiePediatricsOfficial\/\",\"https:\/\/twitter.com\/almouiepeds\",\"https:\/\/www.instagram.com\/almouie_pediatrics\/\"]}]}<\/script>\n<!-- \/ Yoast SEO plugin. -->","yoast_head_json":{"title":"Solicitar Cita - Almouie Pediatrics","robots":{"index":"index","follow":"follow","max-snippet":"max-snippet:-1","max-image-preview":"max-image-preview:large","max-video-preview":"max-video-preview:-1"},"canonical":"https:\/\/almouiepediatrics.com\/es\/solicitar-cita\/","og_locale":"es_ES","og_type":"article","og_title":"Solicitar Cita - Almouie Pediatrics","og_url":"https:\/\/almouiepediatrics.com\/es\/solicitar-cita\/","og_site_name":"Almouie Pediatrics","article_publisher":"https:\/\/www.facebook.com\/AlmouiePediatricsOfficial\/","article_modified_time":"2022-08-02T16:12:43+00:00","og_image":[{"width":2230,"height":346,"url":"https:\/\/wa-almouiepediatrics-uat-eastus2-001.azurewebsites.net\/wp-content\/uploads\/2020\/03\/locations-header.png","type":"image\/png"}],"twitter_card":"summary_large_image","twitter_site":"@almouiepeds","twitter_misc":{"Tiempo de lectura":"1 minuto"},"schema":{"@context":"https:\/\/schema.org","@graph":[{"@type":"WebPage","@id":"https:\/\/almouiepediatrics.com\/es\/solicitar-cita\/","url":"https:\/\/almouiepediatrics.com\/es\/solicitar-cita\/","name":"Solicitar Cita - Almouie Pediatrics","isPartOf":{"@id":"wa-almouiepediatrics-uat-eastus2-001.azurewebsites.net\/#website"},"datePublished":"2019-12-27T15:23:03+00:00","dateModified":"2022-08-02T16:12:43+00:00","breadcrumb":{"@id":"https:\/\/almouiepediatrics.com\/es\/solicitar-cita\/#breadcrumb"},"inLanguage":"es","potentialAction":[{"@type":"ReadAction","target":["https:\/\/almouiepediatrics.com\/es\/solicitar-cita\/"]}]},{"@type":"BreadcrumbList","@id":"https:\/\/almouiepediatrics.com\/es\/solicitar-cita\/#breadcrumb","itemListElement":[{"@type":"ListItem","position":1,"name":"Home","item":"https:\/\/wa-almouiepediatrics-uat-eastus2-001.azurewebsites.net\/es\/"},{"@type":"ListItem","position":2,"name":"Solicitar Cita"}]},{"@type":"WebSite","@id":"wa-almouiepediatrics-uat-eastus2-001.azurewebsites.net\/#website","url":"wa-almouiepediatrics-uat-eastus2-001.azurewebsites.net\/","name":"Almouie Pediatrics","description":"Infant \u2022 Child \u2022 Adolescent","publisher":{"@id":"wa-almouiepediatrics-uat-eastus2-001.azurewebsites.net\/#organization"},"potentialAction":[{"@type":"SearchAction","target":{"@type":"EntryPoint","urlTemplate":"wa-almouiepediatrics-uat-eastus2-001.azurewebsites.net\/?s={search_term_string}"},"query-input":"required name=search_term_string"}],"inLanguage":"es"},{"@type":"Organization","@id":"wa-almouiepediatrics-uat-eastus2-001.azurewebsites.net\/#organization","name":"Almouie Pediatrics","url":"wa-almouiepediatrics-uat-eastus2-001.azurewebsites.net\/","logo":{"@type":"ImageObject","inLanguage":"es","@id":"wa-almouiepediatrics-uat-eastus2-001.azurewebsites.net\/#\/schema\/logo\/image\/","url":"https:\/\/almouiepediatrics.com\/wp-content\/uploads\/2020\/03\/locations-logo.png","contentUrl":"https:\/\/almouiepediatrics.com\/wp-content\/uploads\/2020\/03\/locations-logo.png","width":236,"height":214,"caption":"Almouie Pediatrics"},"image":{"@id":"wa-almouiepediatrics-uat-eastus2-001.azurewebsites.net\/#\/schema\/logo\/image\/"},"sameAs":["https:\/\/www.facebook.com\/AlmouiePediatricsOfficial\/","https:\/\/twitter.com\/almouiepeds","https:\/\/www.instagram.com\/almouie_pediatrics\/"]}]}},"_links":{"self":[{"href":"https:\/\/almouiepediatrics.com\/es\/wp-json\/wp\/v2\/pages\/1687"}],"collection":[{"href":"https:\/\/almouiepediatrics.com\/es\/wp-json\/wp\/v2\/pages"}],"about":[{"href":"https:\/\/almouiepediatrics.com\/es\/wp-json\/wp\/v2\/types\/page"}],"author":[{"embeddable":true,"href":"https:\/\/almouiepediatrics.com\/es\/wp-json\/wp\/v2\/users\/1"}],"replies":[{"embeddable":true,"href":"https:\/\/almouiepediatrics.com\/es\/wp-json\/wp\/v2\/comments?post=1687"}],"version-history":[{"count":0,"href":"https:\/\/almouiepediatrics.com\/es\/wp-json\/wp\/v2\/pages\/1687\/revisions"}],"wp:featuredmedia":[{"embeddable":true,"href":"https:\/\/almouiepediatrics.com\/es\/wp-json\/wp\/v2\/media\/639"}],"wp:attachment":[{"href":"https:\/\/almouiepediatrics.com\/es\/wp-json\/wp\/v2\/media?parent=1687"}],"curies":[{"name":"wp","href":"https:\/\/api.w.org\/{rel}","templated":true}]}}