{"id":1689,"date":"2022-08-01T14:37:42","date_gmt":"2022-08-01T14:37:42","guid":{"rendered":"http:\/\/localhost:8888\/referrals\/"},"modified":"2022-08-02T18:23:56","modified_gmt":"2022-08-02T18:23:56","slug":"referencias","status":"publish","type":"page","link":"https:\/\/almouiepediatrics.com\/es\/referencias\/","title":{"rendered":"Referencias"},"content":{"rendered":"<h4>Si tiene alguna <em><strong>pregunta<\/strong><\/em> sobre su <em><strong>referencia<\/strong><\/em>, llame o env\u00ede un texto a nuestro Departamento de Referencias al 210-964-9998<\/h4>\n<p><strong>Por favor no se comunique con la cl\u00ednica que inici\u00f3 su referencia para conocer el estado o las actualizaciones de su referencia.<\/strong> Nuestro Departamento de Referencias puede investigar la referencia por usted y hacerle saber cu\u00e1l es la situaci\u00f3n.<\/p>\n<p><strong>Que Esperar:<\/strong><\/p>\n<ol>\n<li>Las referencias se procesan en un plazo de 5 a 10 d\u00edas laborables.<\/li>\n<li>Recibir\u00e1 una llamada telef\u00f3nica y un mensaje de texto cuando se env\u00ede su referencia al especialista. Verifique que su n\u00famero de tel\u00e9fono sea correcto.<\/li>\n<li>Para obtener m\u00e1s informaci\u00f3n sobre su derivaci\u00f3n, acceda a su portal de pacientes <a href=\"https:\/\/patientportal.mdmedicalgroup.us\/\"><u>patientportal.mdmedicalgroup.us\/<\/u><\/a>. Puede encontrarnos utilizando nuestro c\u00f3digo de consulta \u00fanico en la aplicaci\u00f3n Healow: DBFADA<\/li>\n<\/ol>\n<p><strong>Si es un especialista, llame o env\u00ede un mensaje de texto a nuestro Departamento de Referencias al 210-964-9998.<\/strong><\/p>\n","protected":false},"excerpt":{"rendered":"<p>Si tiene alguna pregunta sobre su referencia, llame o env\u00ede un texto a nuestro Departamento de Referencias al 210-964-9998 Por favor&hellip;<\/p>\n","protected":false},"author":1,"featured_media":1631,"parent":0,"menu_order":0,"comment_status":"closed","ping_status":"closed","template":"","meta":{"footnotes":""},"acf":[],"yoast_head":"<!-- This site is optimized with the Yoast SEO plugin v21.3 - https:\/\/yoast.com\/wordpress\/plugins\/seo\/ -->\n<title>Referencias - Almouie Pediatrics<\/title>\n<meta name=\"robots\" content=\"index, follow, max-snippet:-1, max-image-preview:large, max-video-preview:-1\" \/>\n<link rel=\"canonical\" href=\"https:\/\/almouiepediatrics.com\/es\/referencias\/\" \/>\n<meta property=\"og:locale\" content=\"es_ES\" \/>\n<meta property=\"og:type\" content=\"article\" \/>\n<meta property=\"og:title\" content=\"Referencias - Almouie Pediatrics\" \/>\n<meta property=\"og:description\" content=\"Si tiene alguna pregunta sobre su referencia, llame o env\u00ede un texto a nuestro Departamento de Referencias al 210-964-9998 Por favor&hellip;\" \/>\n<meta property=\"og:url\" content=\"https:\/\/almouiepediatrics.com\/es\/referencias\/\" \/>\n<meta property=\"og:site_name\" content=\"Almouie Pediatrics\" \/>\n<meta property=\"article:publisher\" content=\"https:\/\/www.facebook.com\/AlmouiePediatricsOfficial\/\" \/>\n<meta property=\"article:modified_time\" content=\"2022-08-02T18:23:56+00:00\" \/>\n<meta property=\"og:image\" content=\"https:\/\/wa-almouiepediatrics-uat-eastus2-001.azurewebsites.net\/wp-content\/uploads\/2022\/05\/simple-header.png\" \/>\n\t<meta property=\"og:image:width\" content=\"2231\" \/>\n\t<meta property=\"og:image:height\" content=\"347\" \/>\n\t<meta property=\"og:image:type\" content=\"image\/png\" \/>\n<meta name=\"twitter:card\" content=\"summary_large_image\" \/>\n<meta name=\"twitter:site\" content=\"@almouiepeds\" \/>\n<meta name=\"twitter:label1\" content=\"Tiempo de lectura\" \/>\n\t<meta name=\"twitter:data1\" content=\"1 minuto\" \/>\n<script type=\"application\/ld+json\" class=\"yoast-schema-graph\">{\"@context\":\"https:\/\/schema.org\",\"@graph\":[{\"@type\":\"WebPage\",\"@id\":\"https:\/\/almouiepediatrics.com\/es\/referencias\/\",\"url\":\"https:\/\/almouiepediatrics.com\/es\/referencias\/\",\"name\":\"Referencias - Almouie Pediatrics\",\"isPartOf\":{\"@id\":\"wa-almouiepediatrics-uat-eastus2-001.azurewebsites.net\/#website\"},\"datePublished\":\"2022-08-01T14:37:42+00:00\",\"dateModified\":\"2022-08-02T18:23:56+00:00\",\"breadcrumb\":{\"@id\":\"https:\/\/almouiepediatrics.com\/es\/referencias\/#breadcrumb\"},\"inLanguage\":\"es\",\"potentialAction\":[{\"@type\":\"ReadAction\",\"target\":[\"https:\/\/almouiepediatrics.com\/es\/referencias\/\"]}]},{\"@type\":\"BreadcrumbList\",\"@id\":\"https:\/\/almouiepediatrics.com\/es\/referencias\/#breadcrumb\",\"itemListElement\":[{\"@type\":\"ListItem\",\"position\":1,\"name\":\"Home\",\"item\":\"https:\/\/wa-almouiepediatrics-uat-eastus2-001.azurewebsites.net\/es\/\"},{\"@type\":\"ListItem\",\"position\":2,\"name\":\"Referencias\"}]},{\"@type\":\"WebSite\",\"@id\":\"wa-almouiepediatrics-uat-eastus2-001.azurewebsites.net\/#website\",\"url\":\"wa-almouiepediatrics-uat-eastus2-001.azurewebsites.net\/\",\"name\":\"Almouie Pediatrics\",\"description\":\"Infant \u2022 Child \u2022 Adolescent\",\"publisher\":{\"@id\":\"wa-almouiepediatrics-uat-eastus2-001.azurewebsites.net\/#organization\"},\"potentialAction\":[{\"@type\":\"SearchAction\",\"target\":{\"@type\":\"EntryPoint\",\"urlTemplate\":\"wa-almouiepediatrics-uat-eastus2-001.azurewebsites.net\/?s={search_term_string}\"},\"query-input\":\"required name=search_term_string\"}],\"inLanguage\":\"es\"},{\"@type\":\"Organization\",\"@id\":\"wa-almouiepediatrics-uat-eastus2-001.azurewebsites.net\/#organization\",\"name\":\"Almouie Pediatrics\",\"url\":\"wa-almouiepediatrics-uat-eastus2-001.azurewebsites.net\/\",\"logo\":{\"@type\":\"ImageObject\",\"inLanguage\":\"es\",\"@id\":\"wa-almouiepediatrics-uat-eastus2-001.azurewebsites.net\/#\/schema\/logo\/image\/\",\"url\":\"https:\/\/almouiepediatrics.com\/wp-content\/uploads\/2020\/03\/locations-logo.png\",\"contentUrl\":\"https:\/\/almouiepediatrics.com\/wp-content\/uploads\/2020\/03\/locations-logo.png\",\"width\":236,\"height\":214,\"caption\":\"Almouie Pediatrics\"},\"image\":{\"@id\":\"wa-almouiepediatrics-uat-eastus2-001.azurewebsites.net\/#\/schema\/logo\/image\/\"},\"sameAs\":[\"https:\/\/www.facebook.com\/AlmouiePediatricsOfficial\/\",\"https:\/\/twitter.com\/almouiepeds\",\"https:\/\/www.instagram.com\/almouie_pediatrics\/\"]}]}<\/script>\n<!-- \/ Yoast SEO plugin. -->","yoast_head_json":{"title":"Referencias - Almouie Pediatrics","robots":{"index":"index","follow":"follow","max-snippet":"max-snippet:-1","max-image-preview":"max-image-preview:large","max-video-preview":"max-video-preview:-1"},"canonical":"https:\/\/almouiepediatrics.com\/es\/referencias\/","og_locale":"es_ES","og_type":"article","og_title":"Referencias - Almouie Pediatrics","og_description":"Si tiene alguna pregunta sobre su referencia, llame o env\u00ede un texto a nuestro Departamento de Referencias al 210-964-9998 Por favor&hellip;","og_url":"https:\/\/almouiepediatrics.com\/es\/referencias\/","og_site_name":"Almouie Pediatrics","article_publisher":"https:\/\/www.facebook.com\/AlmouiePediatricsOfficial\/","article_modified_time":"2022-08-02T18:23:56+00:00","og_image":[{"width":2231,"height":347,"url":"https:\/\/wa-almouiepediatrics-uat-eastus2-001.azurewebsites.net\/wp-content\/uploads\/2022\/05\/simple-header.png","type":"image\/png"}],"twitter_card":"summary_large_image","twitter_site":"@almouiepeds","twitter_misc":{"Tiempo de lectura":"1 minuto"},"schema":{"@context":"https:\/\/schema.org","@graph":[{"@type":"WebPage","@id":"https:\/\/almouiepediatrics.com\/es\/referencias\/","url":"https:\/\/almouiepediatrics.com\/es\/referencias\/","name":"Referencias - Almouie Pediatrics","isPartOf":{"@id":"wa-almouiepediatrics-uat-eastus2-001.azurewebsites.net\/#website"},"datePublished":"2022-08-01T14:37:42+00:00","dateModified":"2022-08-02T18:23:56+00:00","breadcrumb":{"@id":"https:\/\/almouiepediatrics.com\/es\/referencias\/#breadcrumb"},"inLanguage":"es","potentialAction":[{"@type":"ReadAction","target":["https:\/\/almouiepediatrics.com\/es\/referencias\/"]}]},{"@type":"BreadcrumbList","@id":"https:\/\/almouiepediatrics.com\/es\/referencias\/#breadcrumb","itemListElement":[{"@type":"ListItem","position":1,"name":"Home","item":"https:\/\/wa-almouiepediatrics-uat-eastus2-001.azurewebsites.net\/es\/"},{"@type":"ListItem","position":2,"name":"Referencias"}]},{"@type":"WebSite","@id":"wa-almouiepediatrics-uat-eastus2-001.azurewebsites.net\/#website","url":"wa-almouiepediatrics-uat-eastus2-001.azurewebsites.net\/","name":"Almouie Pediatrics","description":"Infant \u2022 Child \u2022 Adolescent","publisher":{"@id":"wa-almouiepediatrics-uat-eastus2-001.azurewebsites.net\/#organization"},"potentialAction":[{"@type":"SearchAction","target":{"@type":"EntryPoint","urlTemplate":"wa-almouiepediatrics-uat-eastus2-001.azurewebsites.net\/?s={search_term_string}"},"query-input":"required name=search_term_string"}],"inLanguage":"es"},{"@type":"Organization","@id":"wa-almouiepediatrics-uat-eastus2-001.azurewebsites.net\/#organization","name":"Almouie Pediatrics","url":"wa-almouiepediatrics-uat-eastus2-001.azurewebsites.net\/","logo":{"@type":"ImageObject","inLanguage":"es","@id":"wa-almouiepediatrics-uat-eastus2-001.azurewebsites.net\/#\/schema\/logo\/image\/","url":"https:\/\/almouiepediatrics.com\/wp-content\/uploads\/2020\/03\/locations-logo.png","contentUrl":"https:\/\/almouiepediatrics.com\/wp-content\/uploads\/2020\/03\/locations-logo.png","width":236,"height":214,"caption":"Almouie Pediatrics"},"image":{"@id":"wa-almouiepediatrics-uat-eastus2-001.azurewebsites.net\/#\/schema\/logo\/image\/"},"sameAs":["https:\/\/www.facebook.com\/AlmouiePediatricsOfficial\/","https:\/\/twitter.com\/almouiepeds","https:\/\/www.instagram.com\/almouie_pediatrics\/"]}]}},"_links":{"self":[{"href":"https:\/\/almouiepediatrics.com\/es\/wp-json\/wp\/v2\/pages\/1689"}],"collection":[{"href":"https:\/\/almouiepediatrics.com\/es\/wp-json\/wp\/v2\/pages"}],"about":[{"href":"https:\/\/almouiepediatrics.com\/es\/wp-json\/wp\/v2\/types\/page"}],"author":[{"embeddable":true,"href":"https:\/\/almouiepediatrics.com\/es\/wp-json\/wp\/v2\/users\/1"}],"replies":[{"embeddable":true,"href":"https:\/\/almouiepediatrics.com\/es\/wp-json\/wp\/v2\/comments?post=1689"}],"version-history":[{"count":0,"href":"https:\/\/almouiepediatrics.com\/es\/wp-json\/wp\/v2\/pages\/1689\/revisions"}],"wp:featuredmedia":[{"embeddable":true,"href":"https:\/\/almouiepediatrics.com\/es\/wp-json\/wp\/v2\/media\/1631"}],"wp:attachment":[{"href":"https:\/\/almouiepediatrics.com\/es\/wp-json\/wp\/v2\/media?parent=1689"}],"curies":[{"name":"wp","href":"https:\/\/api.w.org\/{rel}","templated":true}]}}