{"id":952,"date":"2019-12-27T15:23:03","date_gmt":"2019-12-27T15:23:03","guid":{"rendered":"http:\/\/localhost:8888\/privacy-policy\/"},"modified":"2021-07-27T17:44:09","modified_gmt":"2021-07-27T17:44:09","slug":"politica-de-privacidad","status":"publish","type":"page","link":"https:\/\/almouiepediatrics.com\/es\/politica-de-privacidad\/","title":{"rendered":"Pol\u00edtica de Privacidad"},"content":{"rendered":"<div class=\"full-bleed-section disclaimer-section\">\n<div class=\"container\">\n<h2>Descargo de responsabilidad del sitio<img decoding=\"async\" loading=\"lazy\" class=\"disclaimer-image alignright wp-image-353 size-full\" src=\"https:\/\/almouiepediatrics.com\/wp-content\/uploads\/2020\/02\/disclaimer-image.jpg\" alt=\"Madre con hija\" width=\"385\" height=\"258\" \/><\/h2>\n<p>ACualquier uso de este sitio web o de la informaci\u00f3n contenida en el mismo es bajo su propio riesgo. No nos hacemos responsables de las consecuencias de su decisi\u00f3n de utilizar la informaci\u00f3n contenida en este sitio web.<\/p>\n<p>La informaci\u00f3n m\u00e9dica proporcionada en este sitio tiene fines educativos \u00fanicamente, no pretende ni implica ser un sustituto del asesoramiento m\u00e9dico profesional. Siempre consulte a su m\u00e9dico o proveedor de atenci\u00f3n m\u00e9dica antes de comenzar cualquier tratamiento nuevo o ante cualquier pregunta que pueda tener con respecto a una afecci\u00f3n m\u00e9dica.<\/p>\n<\/div>\n<\/div>\n<h2>Pol\u00edtica de Privacidad<\/h2>\n<p>Estamos comprometidos con el derecho a la privacidad de nuestros pacientes y visitantes del sitio web. Cuando una persona visita nuestro sitio web podemos recoger y rastrear datos del servidor de nuestro sitio. Esta informaci\u00f3n nos ayuda a mejorar el contenido de nuestro sitio. La informaci\u00f3n recopilada puede incluir el tiempo que pasa en nuestro sitio, las p\u00e1ginas que visita, los tipos de su navegador y sistema operativo y el nombre de su proveedor de servicios de Internet.<\/p>\n<p>Nuestro sitio web ofrece la posibilidad de solicitar informaci\u00f3n en l\u00ednea. Para procesar su solicitud, es posible que le pidamos que nos proporcione informaci\u00f3n de identificaci\u00f3n personal. Toda la informaci\u00f3n recogida se mantiene en completa confidencialidad. Nuestra pol\u00edtica es no compartir la informaci\u00f3n con terceros por ning\u00fan motivo, a menos que sea legalmente requerido para ello o sea necesario para procesar sus solicitudes.<\/p>\n<p>Si tiene alguna pregunta sobre nuestra pol\u00edtica de privacidad o el uso de la informaci\u00f3n recopilada a trav\u00e9s de nuestro sitio web, por favor, p\u00f3ngase en contacto con nosotros.<\/p>\n<p>&nbsp;<\/p>\n<h2>Aviso de pr\u00e1cticas de privacidad<\/h2>\n<p><a class=\"download-link\" href=\"https:\/\/almouiepediatrics.com\/wp-content\/uploads\/2020\/02\/notice-of-privacy-practices.pdf\" target=\"_blank\" rel=\"noopener noreferrer\">Aviso de descarga<\/a><\/p>\n<p>&nbsp;<\/p>\n<h2>Modelos de fotograf\u00eda de stock<\/h2>\n<p>Las personas que aparecen en las fotograf\u00edas de este sitio web son modelos de fotograf\u00eda de stock (Modelos) y no son pacientes reales ni est\u00e1n afiliadas a Almouie Pediatrics, las sociedades matrices directas e indirectas de Almouie Pediatrics, filiales o subsidiarias de sus sociedades matrices (\u201cAfiliadas\u201d). Almouie Pediatrics o las filiales de Almouie Pediatrics han obtenido los derechos de utilizaci\u00f3n de las fotograf\u00edas mediante acuerdos de licencia con determinadas empresas de fotograf\u00eda de stock de terceros, y la utilizaci\u00f3n de las fotograf\u00edas por parte de Almouie Pediatrics o las filiales de Almouie Pediatrics se ajusta a los t\u00e9rminos de dichos acuerdos de licencia.<\/p>\n<p>Las fotograf\u00edas que muestran a los modelos se utilizan en este sitio web s\u00f3lo con fines ilustrativos. Los modelos no apoyan personalmente a Almouie Pediatrics, ni a ning\u00fan producto, servicio, causa o esfuerzo asociado o proporcionado por Almouie Pediatrics o cualquiera de las filiales de Almouie Pediatrics. El contexto en el que se utilizan las fotograf\u00edas en este sitio web no pretende reflejar personalmente ninguno de los modelos que aparecen en las fotograf\u00edas. Almouie Pediatrics, las filiales de Almouie Pediatrics, sus respectivos funcionarios, directores, empleados, agentes y\/o contratistas independientes no asumen ninguna responsabilidad por cualquier consecuencia relacionada directa o indirectamente con el uso de las fotograf\u00edas que muestran a los modelos en este sitio web.<\/p>\n","protected":false},"excerpt":{"rendered":"<p>Descargo de responsabilidad del sitio ACualquier uso de este sitio web o de la informaci\u00f3n contenida en el mismo es bajo&hellip;<\/p>\n","protected":false},"author":1,"featured_media":638,"parent":0,"menu_order":0,"comment_status":"closed","ping_status":"open","template":"","meta":{"footnotes":""},"acf":[],"yoast_head":"<!-- This site is optimized with the Yoast SEO plugin v21.3 - https:\/\/yoast.com\/wordpress\/plugins\/seo\/ -->\n<title>Pol\u00edtica de Privacidad - Almouie Pediatrics<\/title>\n<meta name=\"description\" content=\"We are committed to the right to privacy for our patients and web site visitors.\" \/>\n<meta name=\"robots\" content=\"index, follow, max-snippet:-1, max-image-preview:large, max-video-preview:-1\" \/>\n<link rel=\"canonical\" href=\"https:\/\/almouiepediatrics.com\/es\/politica-de-privacidad\/\" \/>\n<meta property=\"og:locale\" content=\"es_ES\" \/>\n<meta property=\"og:type\" content=\"article\" \/>\n<meta property=\"og:title\" content=\"Pol\u00edtica de Privacidad - Almouie Pediatrics\" \/>\n<meta property=\"og:description\" content=\"We are committed to the right to privacy for our patients and web site visitors.\" \/>\n<meta property=\"og:url\" content=\"https:\/\/almouiepediatrics.com\/es\/politica-de-privacidad\/\" \/>\n<meta property=\"og:site_name\" content=\"Almouie Pediatrics\" \/>\n<meta property=\"article:publisher\" content=\"https:\/\/www.facebook.com\/AlmouiePediatricsOfficial\/\" \/>\n<meta property=\"article:modified_time\" content=\"2021-07-27T17:44:09+00:00\" \/>\n<meta property=\"og:image\" content=\"https:\/\/wa-almouiepediatrics-uat-eastus2-001.azurewebsites.net\/wp-content\/uploads\/2020\/03\/disclaimer-header.png\" \/>\n\t<meta property=\"og:image:width\" content=\"2230\" \/>\n\t<meta property=\"og:image:height\" content=\"346\" \/>\n\t<meta property=\"og:image:type\" content=\"image\/png\" \/>\n<meta name=\"twitter:card\" content=\"summary_large_image\" \/>\n<meta name=\"twitter:site\" content=\"@almouiepeds\" \/>\n<meta name=\"twitter:label1\" content=\"Tiempo de lectura\" \/>\n\t<meta name=\"twitter:data1\" content=\"3 minutos\" \/>\n<script type=\"application\/ld+json\" class=\"yoast-schema-graph\">{\"@context\":\"https:\/\/schema.org\",\"@graph\":[{\"@type\":\"WebPage\",\"@id\":\"https:\/\/almouiepediatrics.com\/es\/politica-de-privacidad\/\",\"url\":\"https:\/\/almouiepediatrics.com\/es\/politica-de-privacidad\/\",\"name\":\"Pol\u00edtica de Privacidad - Almouie Pediatrics\",\"isPartOf\":{\"@id\":\"wa-almouiepediatrics-uat-eastus2-001.azurewebsites.net\/#website\"},\"datePublished\":\"2019-12-27T15:23:03+00:00\",\"dateModified\":\"2021-07-27T17:44:09+00:00\",\"description\":\"We are committed to the right to privacy for our patients and web site visitors.\",\"breadcrumb\":{\"@id\":\"https:\/\/almouiepediatrics.com\/es\/politica-de-privacidad\/#breadcrumb\"},\"inLanguage\":\"es\",\"potentialAction\":[{\"@type\":\"ReadAction\",\"target\":[\"https:\/\/almouiepediatrics.com\/es\/politica-de-privacidad\/\"]}]},{\"@type\":\"BreadcrumbList\",\"@id\":\"https:\/\/almouiepediatrics.com\/es\/politica-de-privacidad\/#breadcrumb\",\"itemListElement\":[{\"@type\":\"ListItem\",\"position\":1,\"name\":\"Home\",\"item\":\"https:\/\/wa-almouiepediatrics-uat-eastus2-001.azurewebsites.net\/es\/\"},{\"@type\":\"ListItem\",\"position\":2,\"name\":\"Pol\u00edtica de Privacidad\"}]},{\"@type\":\"WebSite\",\"@id\":\"wa-almouiepediatrics-uat-eastus2-001.azurewebsites.net\/#website\",\"url\":\"wa-almouiepediatrics-uat-eastus2-001.azurewebsites.net\/\",\"name\":\"Almouie Pediatrics\",\"description\":\"Infant \u2022 Child \u2022 Adolescent\",\"publisher\":{\"@id\":\"wa-almouiepediatrics-uat-eastus2-001.azurewebsites.net\/#organization\"},\"potentialAction\":[{\"@type\":\"SearchAction\",\"target\":{\"@type\":\"EntryPoint\",\"urlTemplate\":\"wa-almouiepediatrics-uat-eastus2-001.azurewebsites.net\/?s={search_term_string}\"},\"query-input\":\"required name=search_term_string\"}],\"inLanguage\":\"es\"},{\"@type\":\"Organization\",\"@id\":\"wa-almouiepediatrics-uat-eastus2-001.azurewebsites.net\/#organization\",\"name\":\"Almouie Pediatrics\",\"url\":\"wa-almouiepediatrics-uat-eastus2-001.azurewebsites.net\/\",\"logo\":{\"@type\":\"ImageObject\",\"inLanguage\":\"es\",\"@id\":\"wa-almouiepediatrics-uat-eastus2-001.azurewebsites.net\/#\/schema\/logo\/image\/\",\"url\":\"https:\/\/almouiepediatrics.com\/wp-content\/uploads\/2020\/03\/locations-logo.png\",\"contentUrl\":\"https:\/\/almouiepediatrics.com\/wp-content\/uploads\/2020\/03\/locations-logo.png\",\"width\":236,\"height\":214,\"caption\":\"Almouie Pediatrics\"},\"image\":{\"@id\":\"wa-almouiepediatrics-uat-eastus2-001.azurewebsites.net\/#\/schema\/logo\/image\/\"},\"sameAs\":[\"https:\/\/www.facebook.com\/AlmouiePediatricsOfficial\/\",\"https:\/\/twitter.com\/almouiepeds\",\"https:\/\/www.instagram.com\/almouie_pediatrics\/\"]}]}<\/script>\n<!-- \/ Yoast SEO plugin. -->","yoast_head_json":{"title":"Pol\u00edtica de Privacidad - Almouie Pediatrics","description":"We are committed to the right to privacy for our patients and web site visitors.","robots":{"index":"index","follow":"follow","max-snippet":"max-snippet:-1","max-image-preview":"max-image-preview:large","max-video-preview":"max-video-preview:-1"},"canonical":"https:\/\/almouiepediatrics.com\/es\/politica-de-privacidad\/","og_locale":"es_ES","og_type":"article","og_title":"Pol\u00edtica de Privacidad - Almouie Pediatrics","og_description":"We are committed to the right to privacy for our patients and web site visitors.","og_url":"https:\/\/almouiepediatrics.com\/es\/politica-de-privacidad\/","og_site_name":"Almouie Pediatrics","article_publisher":"https:\/\/www.facebook.com\/AlmouiePediatricsOfficial\/","article_modified_time":"2021-07-27T17:44:09+00:00","og_image":[{"width":2230,"height":346,"url":"https:\/\/wa-almouiepediatrics-uat-eastus2-001.azurewebsites.net\/wp-content\/uploads\/2020\/03\/disclaimer-header.png","type":"image\/png"}],"twitter_card":"summary_large_image","twitter_site":"@almouiepeds","twitter_misc":{"Tiempo de lectura":"3 minutos"},"schema":{"@context":"https:\/\/schema.org","@graph":[{"@type":"WebPage","@id":"https:\/\/almouiepediatrics.com\/es\/politica-de-privacidad\/","url":"https:\/\/almouiepediatrics.com\/es\/politica-de-privacidad\/","name":"Pol\u00edtica de Privacidad - Almouie Pediatrics","isPartOf":{"@id":"wa-almouiepediatrics-uat-eastus2-001.azurewebsites.net\/#website"},"datePublished":"2019-12-27T15:23:03+00:00","dateModified":"2021-07-27T17:44:09+00:00","description":"We are committed to the right to privacy for our patients and web site visitors.","breadcrumb":{"@id":"https:\/\/almouiepediatrics.com\/es\/politica-de-privacidad\/#breadcrumb"},"inLanguage":"es","potentialAction":[{"@type":"ReadAction","target":["https:\/\/almouiepediatrics.com\/es\/politica-de-privacidad\/"]}]},{"@type":"BreadcrumbList","@id":"https:\/\/almouiepediatrics.com\/es\/politica-de-privacidad\/#breadcrumb","itemListElement":[{"@type":"ListItem","position":1,"name":"Home","item":"https:\/\/wa-almouiepediatrics-uat-eastus2-001.azurewebsites.net\/es\/"},{"@type":"ListItem","position":2,"name":"Pol\u00edtica de Privacidad"}]},{"@type":"WebSite","@id":"wa-almouiepediatrics-uat-eastus2-001.azurewebsites.net\/#website","url":"wa-almouiepediatrics-uat-eastus2-001.azurewebsites.net\/","name":"Almouie Pediatrics","description":"Infant \u2022 Child \u2022 Adolescent","publisher":{"@id":"wa-almouiepediatrics-uat-eastus2-001.azurewebsites.net\/#organization"},"potentialAction":[{"@type":"SearchAction","target":{"@type":"EntryPoint","urlTemplate":"wa-almouiepediatrics-uat-eastus2-001.azurewebsites.net\/?s={search_term_string}"},"query-input":"required name=search_term_string"}],"inLanguage":"es"},{"@type":"Organization","@id":"wa-almouiepediatrics-uat-eastus2-001.azurewebsites.net\/#organization","name":"Almouie Pediatrics","url":"wa-almouiepediatrics-uat-eastus2-001.azurewebsites.net\/","logo":{"@type":"ImageObject","inLanguage":"es","@id":"wa-almouiepediatrics-uat-eastus2-001.azurewebsites.net\/#\/schema\/logo\/image\/","url":"https:\/\/almouiepediatrics.com\/wp-content\/uploads\/2020\/03\/locations-logo.png","contentUrl":"https:\/\/almouiepediatrics.com\/wp-content\/uploads\/2020\/03\/locations-logo.png","width":236,"height":214,"caption":"Almouie Pediatrics"},"image":{"@id":"wa-almouiepediatrics-uat-eastus2-001.azurewebsites.net\/#\/schema\/logo\/image\/"},"sameAs":["https:\/\/www.facebook.com\/AlmouiePediatricsOfficial\/","https:\/\/twitter.com\/almouiepeds","https:\/\/www.instagram.com\/almouie_pediatrics\/"]}]}},"_links":{"self":[{"href":"https:\/\/almouiepediatrics.com\/es\/wp-json\/wp\/v2\/pages\/952"}],"collection":[{"href":"https:\/\/almouiepediatrics.com\/es\/wp-json\/wp\/v2\/pages"}],"about":[{"href":"https:\/\/almouiepediatrics.com\/es\/wp-json\/wp\/v2\/types\/page"}],"author":[{"embeddable":true,"href":"https:\/\/almouiepediatrics.com\/es\/wp-json\/wp\/v2\/users\/1"}],"replies":[{"embeddable":true,"href":"https:\/\/almouiepediatrics.com\/es\/wp-json\/wp\/v2\/comments?post=952"}],"version-history":[{"count":0,"href":"https:\/\/almouiepediatrics.com\/es\/wp-json\/wp\/v2\/pages\/952\/revisions"}],"wp:featuredmedia":[{"embeddable":true,"href":"https:\/\/almouiepediatrics.com\/es\/wp-json\/wp\/v2\/media\/638"}],"wp:attachment":[{"href":"https:\/\/almouiepediatrics.com\/es\/wp-json\/wp\/v2\/media?parent=952"}],"curies":[{"name":"wp","href":"https:\/\/api.w.org\/{rel}","templated":true}]}}